{"id":8383,"date":"2025-07-31T12:00:55","date_gmt":"2025-07-31T10:00:55","guid":{"rendered":"https:\/\/www.amatin.ch\/?page_id=8383"},"modified":"2025-07-31T12:00:56","modified_gmt":"2025-07-31T10:00:56","slug":"job_anwalt_als_einstieg_in_partnerschaft","status":"publish","type":"page","link":"https:\/\/www.amatin.ch\/en\/job_anwalt_als_einstieg_in_partnerschaft\/","title":{"rendered":"Job_Anwalt_als_Einstieg_in_Partnerschaft"},"content":{"rendered":"\n  <div id=\"block_463beb8833c5779207b9d95106b20906\" class=\"alignfull b-job l-block\" >\n      <div class=\"job overlay space-bottom\">\n        <div class=\"container\">\n            <div class=\"head\">\n                <label>KARRIERE<\/label><h1>Anw\u00e4ltin\/Anwalt als Einstieg in Partnerschaft (Teilzeit\/Vollzeit)<\/h1>            <\/div>\n\n            <div class=\"default\">\n                <div class=\"row\">\n                    <div class=\"col-lg-8\">\n                        <p>Unsere Rechtsanwaltsfirma in Basel ber\u00e4t Unternehmen und Privatpersonen in wirtschafts- und zivilrechtlichen Angelegenheiten sowie im Life Sciences-Bereich.<\/p>\n<p>Wir sind dabei, unser Angebot f\u00fcr unsere Klientschaft auszubauen und suchen per sofort oder nach Vereinbarung eine Kollegin\/einen Kollegen, die\/der den Schritt in die Selbst\u00e4ndigkeit plant.<\/p>\n<p>Ansprechen m\u00f6chten wir motivierte Kolleginnen und Kollegen, die bereits \u00fcber eigene Klienten verf\u00fcgen und\/oder bereit sind, eigene Mandate zu akquirieren und unternehmerisch t\u00e4tig zu sein. Wir bieten Ihnen interessante Entwicklungsm\u00f6glichkeiten sowie attraktive Konditionen f\u00fcr den Einstieg in die Partnerschaft. Wir verstehen uns als Team und unterst\u00fctzen Sie beim Aufbau Ihrer Selbst\u00e4ndigkeit.<\/p>\n<p>Zus\u00e4tzlich zu Ihren fachlichen und sprachlichen Kompetenzen pflegen Sie gerne den Austausch unter Kolleginnen\/Kollegen, sch\u00e4tzen gute, offene Kommunikation und bringen Teamgeist mit.<\/p>\n<p>An bester, ruhiger und gut zug\u00e4nglicher Lage im Zentrum von Basel steht Ihnen ein sch\u00f6nes B\u00fcro und eine moderne IT-Infrastruktur, welche auch ortsunabh\u00e4ngiges Arbeiten zul\u00e4sst, zur Verf\u00fcgung.<\/p>\n\n                        <div class=\"apply-box bg-gray\">\n                            <h3>Haben wir Ihr Interesse geweckt?<\/h3><p>Wir freuen uns \u00fcber Ihre Kontaktaufnahme:<br \/>\nRoman K\u00e4lin-Burgy (061 202 91 99; <a href=\"mailto:roman.kaelin-burgy@amatin.ch\">roman.kaelin-burgy@amatin.ch<\/a>) oder Sandra Klemm (061 202 91 94;<a href=\"mailto:sandra.klemm@amatin.ch\"> sandra.klemm@amatin.ch<\/a>).<\/p>\n                        <\/div>\n                    <\/div>\n                <\/div>\n            <\/div>\n        <\/div>\n    <\/div>\n<\/div>\n\n\n<hr>\n\n\n\n  <div id=\"block_808502a6843763a25353951842c91146\" class=\"alignfull b-text-image l-block\" >\n          <div class=\"dual-section bg-gray\">\n            <div class=\"container\">\n                <div class=\"row\">\n                    <div class=\"col-md-6 pr-lg-5\">\n                        <h2>About Us<\/h2>\n                        <p class=\"lead\"><\/p>\n\n                        <p class=\"lead\">AMATIN is a dynamic law firm in Basel, launched in 2015 and based on more than 25 years of professional experience.<\/p>\n<p>Our strengths are consulting and litigation &#8211; both in private law and business law as well as public law issues. If necessary or desired, our lawyers advise you in a team and operate as specialists so that we can share our knowledge together and with you, to safeguard your interest.<\/p>\n<a href=\"https:\/\/www.amatin.ch\/about-us\/\"  style=\"background: transparent url(https:\/\/www.amatin.ch\/wp-content\/themes\/amatin\/assets\/img\/icons\/green-arrow-right.svg) no-repeat 0 50%\" class=\"a-btn a-btn-arrow\" aria-label=\"Read more\"><\/a>                    <\/div>\n                    <div class=\"col-md-6\">\n                        <img decoding=\"async\" src=\"https:\/\/www.amatin.ch\/wp-content\/uploads\/2020\/10\/about.jpg\" alt=\"\" class=\"dual-section-image-right\" loading=\"lazy\">                    <\/div>\n                <\/div>\n            <\/div>\n        <\/div>\n    <\/div>","protected":false},"excerpt":{"rendered":"","protected":false},"author":4,"featured_media":0,"parent":0,"menu_order":0,"comment_status":"closed","ping_status":"closed","template":"","meta":{"_acf_changed":false,"footnotes":""},"class_list":["post-8383","page","type-page","status-publish",""],"acf":[],"yoast_head":"<!-- This site is optimized with the Yoast SEO plugin v27.5 - https:\/\/yoast.com\/product\/yoast-seo-wordpress\/ -->\n<title>Job_Anwalt_als_Einstieg_in_Partnerschaft - AMATIN<\/title>\n<meta name=\"robots\" content=\"index, follow, max-snippet:-1, max-image-preview:large, max-video-preview:-1\" \/>\n<link rel=\"canonical\" href=\"https:\/\/www.amatin.ch\/en\/job_anwalt_als_einstieg_in_partnerschaft\/\" \/>\n<meta property=\"og:locale\" content=\"en_US\" \/>\n<meta property=\"og:type\" content=\"article\" \/>\n<meta property=\"og:title\" content=\"Job_Anwalt_als_Einstieg_in_Partnerschaft - AMATIN\" \/>\n<meta property=\"og:url\" content=\"https:\/\/www.amatin.ch\/en\/job_anwalt_als_einstieg_in_partnerschaft\/\" \/>\n<meta property=\"og:site_name\" content=\"AMATIN\" \/>\n<meta property=\"article:modified_time\" content=\"2025-07-31T10:00:56+00:00\" \/>\n<meta name=\"twitter:card\" content=\"summary_large_image\" \/>\n<script type=\"application\/ld+json\" class=\"yoast-schema-graph\">{\"@context\":\"https:\\\/\\\/schema.org\",\"@graph\":[{\"@type\":\"WebPage\",\"@id\":\"https:\\\/\\\/www.amatin.ch\\\/en\\\/job_anwalt_als_einstieg_in_partnerschaft\\\/\",\"url\":\"https:\\\/\\\/www.amatin.ch\\\/en\\\/job_anwalt_als_einstieg_in_partnerschaft\\\/\",\"name\":\"Job_Anwalt_als_Einstieg_in_Partnerschaft - AMATIN\",\"isPartOf\":{\"@id\":\"https:\\\/\\\/www.amatin.ch\\\/en\\\/#website\"},\"datePublished\":\"2025-07-31T10:00:55+00:00\",\"dateModified\":\"2025-07-31T10:00:56+00:00\",\"breadcrumb\":{\"@id\":\"https:\\\/\\\/www.amatin.ch\\\/en\\\/job_anwalt_als_einstieg_in_partnerschaft\\\/#breadcrumb\"},\"inLanguage\":\"en-US\",\"potentialAction\":[{\"@type\":\"ReadAction\",\"target\":[\"https:\\\/\\\/www.amatin.ch\\\/en\\\/job_anwalt_als_einstieg_in_partnerschaft\\\/\"]}]},{\"@type\":\"BreadcrumbList\",\"@id\":\"https:\\\/\\\/www.amatin.ch\\\/en\\\/job_anwalt_als_einstieg_in_partnerschaft\\\/#breadcrumb\",\"itemListElement\":[{\"@type\":\"ListItem\",\"position\":1,\"name\":\"Home\",\"item\":\"https:\\\/\\\/www.amatin.ch\\\/en\\\/\"},{\"@type\":\"ListItem\",\"position\":2,\"name\":\"Job_Anwalt_als_Einstieg_in_Partnerschaft\"}]},{\"@type\":\"WebSite\",\"@id\":\"https:\\\/\\\/www.amatin.ch\\\/en\\\/#website\",\"url\":\"https:\\\/\\\/www.amatin.ch\\\/en\\\/\",\"name\":\"AMATIN\",\"description\":\"\",\"potentialAction\":[{\"@type\":\"SearchAction\",\"target\":{\"@type\":\"EntryPoint\",\"urlTemplate\":\"https:\\\/\\\/www.amatin.ch\\\/en\\\/?s={search_term_string}\"},\"query-input\":{\"@type\":\"PropertyValueSpecification\",\"valueRequired\":true,\"valueName\":\"search_term_string\"}}],\"inLanguage\":\"en-US\"}]}<\/script>\n<!-- \/ Yoast SEO plugin. -->","yoast_head_json":{"title":"Job_Anwalt_als_Einstieg_in_Partnerschaft - AMATIN","robots":{"index":"index","follow":"follow","max-snippet":"max-snippet:-1","max-image-preview":"max-image-preview:large","max-video-preview":"max-video-preview:-1"},"canonical":"https:\/\/www.amatin.ch\/en\/job_anwalt_als_einstieg_in_partnerschaft\/","og_locale":"en_US","og_type":"article","og_title":"Job_Anwalt_als_Einstieg_in_Partnerschaft - AMATIN","og_url":"https:\/\/www.amatin.ch\/en\/job_anwalt_als_einstieg_in_partnerschaft\/","og_site_name":"AMATIN","article_modified_time":"2025-07-31T10:00:56+00:00","twitter_card":"summary_large_image","schema":{"@context":"https:\/\/schema.org","@graph":[{"@type":"WebPage","@id":"https:\/\/www.amatin.ch\/en\/job_anwalt_als_einstieg_in_partnerschaft\/","url":"https:\/\/www.amatin.ch\/en\/job_anwalt_als_einstieg_in_partnerschaft\/","name":"Job_Anwalt_als_Einstieg_in_Partnerschaft - AMATIN","isPartOf":{"@id":"https:\/\/www.amatin.ch\/en\/#website"},"datePublished":"2025-07-31T10:00:55+00:00","dateModified":"2025-07-31T10:00:56+00:00","breadcrumb":{"@id":"https:\/\/www.amatin.ch\/en\/job_anwalt_als_einstieg_in_partnerschaft\/#breadcrumb"},"inLanguage":"en-US","potentialAction":[{"@type":"ReadAction","target":["https:\/\/www.amatin.ch\/en\/job_anwalt_als_einstieg_in_partnerschaft\/"]}]},{"@type":"BreadcrumbList","@id":"https:\/\/www.amatin.ch\/en\/job_anwalt_als_einstieg_in_partnerschaft\/#breadcrumb","itemListElement":[{"@type":"ListItem","position":1,"name":"Home","item":"https:\/\/www.amatin.ch\/en\/"},{"@type":"ListItem","position":2,"name":"Job_Anwalt_als_Einstieg_in_Partnerschaft"}]},{"@type":"WebSite","@id":"https:\/\/www.amatin.ch\/en\/#website","url":"https:\/\/www.amatin.ch\/en\/","name":"AMATIN","description":"","potentialAction":[{"@type":"SearchAction","target":{"@type":"EntryPoint","urlTemplate":"https:\/\/www.amatin.ch\/en\/?s={search_term_string}"},"query-input":{"@type":"PropertyValueSpecification","valueRequired":true,"valueName":"search_term_string"}}],"inLanguage":"en-US"}]}},"_links":{"self":[{"href":"https:\/\/www.amatin.ch\/en\/wp-json\/wp\/v2\/pages\/8383","targetHints":{"allow":["GET"]}}],"collection":[{"href":"https:\/\/www.amatin.ch\/en\/wp-json\/wp\/v2\/pages"}],"about":[{"href":"https:\/\/www.amatin.ch\/en\/wp-json\/wp\/v2\/types\/page"}],"author":[{"embeddable":true,"href":"https:\/\/www.amatin.ch\/en\/wp-json\/wp\/v2\/users\/4"}],"replies":[{"embeddable":true,"href":"https:\/\/www.amatin.ch\/en\/wp-json\/wp\/v2\/comments?post=8383"}],"version-history":[{"count":2,"href":"https:\/\/www.amatin.ch\/en\/wp-json\/wp\/v2\/pages\/8383\/revisions"}],"predecessor-version":[{"id":8388,"href":"https:\/\/www.amatin.ch\/en\/wp-json\/wp\/v2\/pages\/8383\/revisions\/8388"}],"wp:attachment":[{"href":"https:\/\/www.amatin.ch\/en\/wp-json\/wp\/v2\/media?parent=8383"}],"curies":[{"name":"wp","href":"https:\/\/api.w.org\/{rel}","templated":true}]}}